{"id":379,"date":"2023-11-18T04:15:43","date_gmt":"2023-11-18T04:15:43","guid":{"rendered":"https:\/\/afiliadoelitejh.com\/?page_id=379"},"modified":"2023-11-18T04:15:44","modified_gmt":"2023-11-18T04:15:44","slug":"politica-de-privacidad","status":"publish","type":"page","link":"https:\/\/afiliadoelitejh.com\/index.php\/politica-de-privacidad\/","title":{"rendered":"Pol\u00edtica de Privacidad"},"content":{"rendered":"\n<p>Pol\u00edtica de privacidad<br>Manejo de Informaci\u00f3n y datos personales<\/p>\n\n\n\n<p>jaimereina.com como entidad de car\u00e1cter privado que almacena y recolecta bases de datos personales con la finalidad de mantenerse en contacto con sus clientes e informarles acerca de las diferentes actividades que realiza en sus diferentes tiendas, requiere obtener tu autorizaci\u00f3n para que de manera libre, previa, expresa, voluntaria y debidamente informada, permitas a todas las dependencias de jaimereina.com recolectar, recaudar, almacenar, usar, circular, suprimir, procesar, compilar, intercambiar, dar tratamiento, actualizar y disponer de los datos personales que por este u otros medios han sido suministrados y que se han incorporado en las distintas bases o bancos de datos, o en repositorios electr\u00f3nicos de todo tipo con que cuenta jaimereina.com, y que ser\u00e1n utilizados de forma directa por jaimereina.com. en su calidad de Responsable del Tratamiento o a trav\u00e9s de terceros como Encargados del Tratamiento seg\u00fan se definen a continuaci\u00f3n:<\/p>\n\n\n\n<p>I. DEFINICIONES: De conformidad con la legislaci\u00f3n vigente sobre la materia, se establecen las siguientes definiciones, las cuales ser\u00e1n aplicadas e implementadas acogiendo los criterios de interpretaci\u00f3n que garanticen una aplicaci\u00f3n sistem\u00e1tica e integral, y en consonancia con los avances tecnol\u00f3gicos, la neutralidad tecnol\u00f3gica, y los dem\u00e1s principios y postulados que rigen los derechos fundamentales que circundan, orbitan y rodean el derecho de data y protecci\u00f3n de datos personales.<\/p>\n\n\n\n<p>1.1. Autorizaci\u00f3n: Consentimiento previo, expreso e informado del Titular para llevar a cabo el Tratamiento de datos personales.<\/p>\n\n\n\n<p>1.2. Base de Datos: Conjunto organizado de datos personales que sea objeto de tratamiento.<\/p>\n\n\n\n<p>1.3. Dato Personal:Cualquier informaci\u00f3n vinculada o que pueda asociarse a una o varias personas naturales determinadas o determinables.<\/p>\n\n\n\n<p>1.4. Dato Privado: Es el dato que por su naturaleza intima o reservada s\u00f3lo es relevante para su Titular.<\/p>\n\n\n\n<p>1.5. Dato Semiprivado: Es Semiprivado el dato que no tiene naturaleza intima, reservada, ni p\u00fablica y cuyo conocimiento o divulgaci\u00f3n puede interesar no s\u00f3lo a su Titular sino a cierto sector o grupo de personas o a la sociedad en general.<\/p>\n\n\n\n<p>1.6. Dato P\u00fablico: Es el dato que no sea Semiprivado, Privado o Sensible. Son considerados datos p\u00fablicos, entre otros, los datos relativos al estado civil de las personas, a su profesi\u00f3n u oficio y a su calidad de comerciante o de servidor p\u00fablico. Por su naturaleza, los datos p\u00fablicos pueden estar contenidos, entre otros, en registros p\u00fablicos, documentos p\u00fablicos, gacetas y boletines oficiales y sentencias judiciales debidamente ejecutoriadas que no est\u00e1n sometidas a reserva.<\/p>\n\n\n\n<p>1.7. Encargado del Tratamiento: Persona natural o jur\u00eddica, p\u00fablica o privada, que por s\u00ed misma o en asocio con otros, realice el Tratamiento de datos personales por cuenta del Responsable del Tratamiento.<\/p>\n\n\n\n<p>1.8. Responsable del Tratamiento: Persona natural o jur\u00eddica, p\u00fablica o privada, que por s\u00ed misma o en asocio con otros, decida sobre la Base de datos y\/o el Tratamiento de los datos.<\/p>\n\n\n\n<p>1.9. Titular: Persona natural cuyos datos personales sean objeto de Tratamiento.<\/p>\n\n\n\n<p>1.10. Tratamiento: Cualquier operaci\u00f3n o conjunto de operaciones sobre datos personales, tales como la recolecci\u00f3n, almacenamiento, uso, circulaci\u00f3n o supresi\u00f3n.<\/p>\n\n\n\n<p>1.11. Transmisi\u00f3n: Tratamiento de datos personales que implica la comunicaci\u00f3n de los mismos dentro o fuera del territorio de la Rep\u00fablica de Colombia cuando tenga por objeto la realizaci\u00f3n de un Tratamiento por el Encargado por cuenta del Responsable.<\/p>\n\n\n\n<p>1.12. Transferencia: La Transferencia de datos tiene lugar cuando el Responsable y\/o el Encargado del Tratamiento de datos personales, ubicado en Colombia, env\u00eda la informaci\u00f3n o los datos personales a un receptor, que a su vez es Responsable del Tratamiento y se encuentra dentro o fuera del pa\u00eds.<\/p>\n\n\n\n<p>II. USO DE INFORMACI\u00d3N:<\/p>\n\n\n\n<p>2.1. Env\u00edo de informaci\u00f3n y documentos relacionados con los bienes y\/o servicios que ofrece jaimereina.com y que han sido adquiridos y\/o contratados por los Titulares.<br>2.2. Remisi\u00f3n de informaci\u00f3n acerca de las ofertas, incentivos y promociones realizados de forma peri\u00f3dica por jaimereina.com<br>2.3 Remisi\u00f3n de informaci\u00f3n, requerimientos y notificaciones a todos los empleados, proveedores y contratistas de jaimereina.com, que se encuentran registrados en nuestras Bases de datos.<br>2.4. Env\u00edo de boletines y de correos electr\u00f3nicos y dem\u00e1s mensajes de datos, informando sobre novedades (Newsletters) y eventos o actividades que realice D&amp;D Store<br>2.5. Env\u00edo de felicitaciones y congratulaciones por fechas especiales.<br>2.6. Env\u00edo de encuestas de opini\u00f3n sobre la satisfacci\u00f3n de clientes y\/o usuarios del sitio web de jaimereina.com<br>2.7. Realizaci\u00f3n de encuestas y\/o sondeos de opini\u00f3n sobre productos y servicios ofrecidos por jaimereina.com<br>jaimereina.com se compromete a no tener manejos adicionales a los condicionales antes expuestos de la informaci\u00f3n que nos das, y dicha informaci\u00f3n solo se emplear\u00e1 para las estrategias comerciales y de comunicaci\u00f3n propias de la marca arriba expuestas y no ser\u00e1 bajo ning\u00fan motivo compartida o comercializada para ninguna estrategia externa.<\/p>\n\n\n\n<p>III. RESPONSABLE DEL TRATAMIENTO DE DATOS: El Responsable del Tratamiento de los datos personales es jaimereina.com, con domicilio en la ciudad de Bogot\u00e1 D.C., en la Calle 69A #9-66. El \u00e1rea encargada directamente del Tratamiento de datos es el \u00e1rea de Servicio al Cliente y el e-mail dispuesto para ese fin es: info@jaimereina.com<\/p>\n\n\n\n<p>IV. TRATAMIENTO AL CUAL SER\u00c1N SOMETIDOS LOS DATOS:Los datos y autorizaciones de Tratamiento se recolectar\u00e1n por medios f\u00edsicos (suministro de la informaci\u00f3n por parte de los Titulares, de manera telef\u00f3nica, por escrito, o verbalmente) o electr\u00f3nicos (a trav\u00e9s de la p\u00e1gina web de jaimereina.com). Los datos recaudados y las autorizaciones ser\u00e1n almacenados en las Bases de datos de jaimereina.com, y permanecer\u00e1n bajo su custodia en condiciones de idoneidad, confidencialidad y seguridad generalmente admitidas. S\u00f3lo el personal autorizado podr\u00e1 acceder a estas Bases de datos. Se observar\u00e1n los protocolos de acceso y seguridad que se consideran est\u00e1ndar en estas actividades para evitar la vulneraci\u00f3n o manipulaci\u00f3n de la informaci\u00f3n recopilada. No obstante lo anterior, jaimereina.com podr\u00e1 operar las bases de datos mediante un Encargado del Tratamiento de datos, en cuyo caso, har\u00e1 saber a los titulares de la informaci\u00f3n que estas pol\u00edticas se extender\u00e1n y, por ello, ser\u00e1n aplicables a tal encargado, de forma que el Titular pueda ejercer los derechos que le confiere la ley, tanto frente a jaimereina.com, como frente al Encargado del Tratamiento designado por \u00e9sta.<\/p>\n\n\n\n<p>V. DERECHOS QUE LE ASISTEN AL TITULAR DE LA INFORMACI\u00d3N:De acuerdo con las normas Constitucionales y legales, el Titular de la informaci\u00f3n recopilada en nuestras Bases de datos cuenta con las siguientes prerrogativas y derechos, los cuales puede invocar o ejercer frente a D&amp;D Store o frente al Encargado del Tratamiento de Datos personales que obre por cuenta de D&amp;D Store como Responsable del Tratamiento:<br>5.1. Acceder de manera gratuita a sus Datos personales, as\u00ed como conocerlos, rectificarlos, corregirlos y actualizarlos, siguiendo los procedimientos establecidos m\u00e1s adelante.<\/p>\n\n\n\n<p>5.2. Solicitar y obtener prueba de la autorizaci\u00f3n concedida a jaimereina.com para el tratamiento de sus Datos personales.<\/p>\n\n\n\n<p>5.3. Obtener informaci\u00f3n sobre el uso que se ha dado a su informaci\u00f3n personal por parte de jaimereina.com. y\/o el Encargado del Tratamiento designado por jaimereina.com<\/p>\n\n\n\n<p>5.4. Acudir ante las autoridades, especialmente ante la Superintendencia Delegada para la Protecci\u00f3n de Datos Personales de la Superintendencia de Industria y Comercio, con el fin de solicitar y exigir el amparo de los derechos que le confieren las Leyes.<\/p>\n\n\n\n<p>5.5. Revocar, en cualquier momento, la autorizaci\u00f3n para el Tratamiento de sus Datos personales, modificarla o condicionarla. As\u00ed mismo, solicitar la supresi\u00f3n del dato, su modificaci\u00f3n o aclaraci\u00f3n, salvo que sea necesaria la informaci\u00f3n por razones legales o contractuales.<\/p>\n\n\n\n<p>VI. PROCEDIMIENTOS PARA QUE LOS TITULARES DE LA INFORMACI\u00d3N PUEDAN EJERCER SUS DERECHOS: Con el fin de salvaguardar los derechos de los Titulares de la informaci\u00f3n que reposa en nuestras Bases de datos, y la que se recopile en adelante, jaimereina.com establece los siguientes procedimientos:<br>6.1. El Titular de la informaci\u00f3n (entendi\u00e9ndose por Titular la persona natural que suministr\u00f3 la informaci\u00f3n, sus causahabientes y\/o apoderados) podr\u00e1 solicitar en cualquier tiempo, dentro de los horarios de atenci\u00f3n de jaimereina.com comprendidos entre las 8:00 a.m. y las 5:30 p.m., o de forma electr\u00f3nica, informaci\u00f3n (consultas) sobre los datos personales que registran las Bases de datos de jaimereina.com y sobre las autorizaciones concedidas.<br>6.2. As\u00ed mismo, el Titular podr\u00e1 elevar peticiones o reclamaciones sobre aclaraci\u00f3n, correcci\u00f3n, modificaci\u00f3n, rectificaci\u00f3n o supresi\u00f3n de datos; revocaci\u00f3n o condicionamiento de autorizaciones para el Tratamiento, acompa\u00f1ando los documentos o pruebas que pretenda hacer valer.<br>6.3. Para ejercer las prerrogativas a que se refieren los numerales anteriores, el Titular deber\u00e1 radicar petici\u00f3n escrita en las oficinas de jaimereina.com. dirigida al \u00e1rea de Servicio al Cliente, identific\u00e1ndose plenamente, a fin de que jaimereina.com. pueda corroborar que el peticionario es el Titular de la informaci\u00f3n. En la solicitud se debe precisar:<br>6.3.1. Nombre completo y correcto del Titular y\/o su apoderado, si es el caso.<br>6.3.2. Identificaci\u00f3n del Titular y de su representante, en el evento en que act\u00fae a trav\u00e9s de apoderado.<br>6.3.3. Dato o autorizaci\u00f3n que se quiere conocer, corregir, modificar, suprimir o revocar, con indicaci\u00f3n clara y detallada de la forma en que se pide hacer la correcci\u00f3n o modificaci\u00f3n.<br>6.3.4. Domicilio o lugar donde el Titular recibir\u00e1 respuesta.<br>6.4. El Titular tambi\u00e9n puede remitir un correo electr\u00f3nico a la siguiente direcci\u00f3n electr\u00f3nica: info@jaimereina.com, dirigido al \u00e1rea de Servicio al Cliente, con toda la informaci\u00f3n se\u00f1alada en el numeral 6.3. anterior. En este caso jaimereina.com, enviar\u00e1 la respuesta correspondiente a la misma direcci\u00f3n de correo electr\u00f3nico de la cual procede la petici\u00f3n, siempre y cuando coincida con la registrada en las Bases de datos de jaimereina.com. No obstante, si lo considera, y con el \u00fanico fin de establecer la identidad plena del peticionario y Titular de la informaci\u00f3n, jaimereina.com. podr\u00e1 requerirlo para que se identifique, antes de proceder a responderle.<br>6.5. La respuesta a las consultas a que se refiere el numeral 6.1., ser\u00e1 enviada por jaimereina.com. en un t\u00e9rmino m\u00e1ximo de diez (10) d\u00edas h\u00e1biles contados a partir de la fecha de recibo de la misma. Cuando no fuere posible atender la consulta dentro de dicho t\u00e9rmino, se informar\u00e1 al interesado, expresando los motivos de la demora y se\u00f1alando la fecha en que se atender\u00e1 su consulta, la cual en ning\u00fan caso podr\u00e1 superar los cinco (5) d\u00edas h\u00e1biles siguientes al vencimiento del primer t\u00e9rmino.<br>6.6. La respuesta a las reclamaciones a que se refiere el numeral 6.2, se dar\u00e1 por jaimereina.com. en un t\u00e9rmino m\u00e1ximo de quince (15) d\u00edas h\u00e1biles contados a partir del d\u00eda siguiente a la fecha de su recibo. Cuando no fuere posible atender el reclamo dentro de dicho t\u00e9rmino, se informar\u00e1 al interesado los motivos de la demora y la fecha en que se atender\u00e1 su reclamo, la cual en ning\u00fan caso podr\u00e1 superar los ocho (8) d\u00edas h\u00e1biles siguientes al vencimiento del primer t\u00e9rmino.<br>VII. Vigencia de la pol\u00edtica de tratamiento de datos: La pol\u00edtica de Tratamiento de Datos personales a que se refiere este documento estar\u00e1 vigente a partir del primero (1) de enero de 2019, pero podr\u00e1 ser modificada en cualquier momento por jaimereina.com, en cuyo caso se comunicar\u00e1 lo pertinente a los Titulares.<\/p>\n\n\n\n<ul>\n<li><a href=\"https:\/\/afiliadoelite.com\/politica\/#\">&nbsp;REGRESAR<\/a><\/li>\n<\/ul>\n","protected":false},"excerpt":{"rendered":"<p>Pol\u00edtica de privacidadManejo de Informaci\u00f3n y datos personales jaimereina.com como entidad de car\u00e1cter privado que almacena y recolecta bases de datos personales con la finalidad de mantenerse en contacto con sus clientes e informarles acerca de las diferentes actividades que realiza en sus diferentes tiendas, requiere obtener tu autorizaci\u00f3n para que de manera libre, previa, <a href=\"https:\/\/afiliadoelitejh.com\/index.php\/politica-de-privacidad\/\" class=\"more-link\">&#8230;<span class=\"screen-reader-text\">  Pol\u00edtica de Privacidad<\/span><\/a><\/p>\n","protected":false},"author":1,"featured_media":0,"parent":0,"menu_order":0,"comment_status":"closed","ping_status":"closed","template":"","meta":{"footnotes":""},"_links":{"self":[{"href":"https:\/\/afiliadoelitejh.com\/index.php\/wp-json\/wp\/v2\/pages\/379"}],"collection":[{"href":"https:\/\/afiliadoelitejh.com\/index.php\/wp-json\/wp\/v2\/pages"}],"about":[{"href":"https:\/\/afiliadoelitejh.com\/index.php\/wp-json\/wp\/v2\/types\/page"}],"author":[{"embeddable":true,"href":"https:\/\/afiliadoelitejh.com\/index.php\/wp-json\/wp\/v2\/users\/1"}],"replies":[{"embeddable":true,"href":"https:\/\/afiliadoelitejh.com\/index.php\/wp-json\/wp\/v2\/comments?post=379"}],"version-history":[{"count":1,"href":"https:\/\/afiliadoelitejh.com\/index.php\/wp-json\/wp\/v2\/pages\/379\/revisions"}],"predecessor-version":[{"id":380,"href":"https:\/\/afiliadoelitejh.com\/index.php\/wp-json\/wp\/v2\/pages\/379\/revisions\/380"}],"wp:attachment":[{"href":"https:\/\/afiliadoelitejh.com\/index.php\/wp-json\/wp\/v2\/media?parent=379"}],"curies":[{"name":"wp","href":"https:\/\/api.w.org\/{rel}","templated":true}]}}