{"id":376,"date":"2023-11-18T04:07:56","date_gmt":"2023-11-18T04:07:56","guid":{"rendered":"https:\/\/afiliadoelitejh.com\/?page_id=376"},"modified":"2023-11-18T04:09:19","modified_gmt":"2023-11-18T04:09:19","slug":"politicas-de-servicio","status":"publish","type":"page","link":"https:\/\/afiliadoelitejh.com\/index.php\/politicas-de-servicio\/","title":{"rendered":"Pol\u00edticas de Servicio"},"content":{"rendered":"\n<h2 class=\"wp-block-heading\">T\u00c9RMINOS DEL SERVICIO<\/h2>\n\n\n\n<p>Apreciado Usuario: El sitio Web de jaimereina.com tiene como funci\u00f3n principal proveer informaci\u00f3n sobre sus productos y promover la compra Online a sus clientes bajo la marca jaimereina.com y el dominio https:\/\/jaimereina.com. A trav\u00e9s de la misma publica los temas y actividades que tienen que ver con su misi\u00f3n, su visi\u00f3n, objetivos y las funciones que corresponden a su objeto social. Adicionalmente, por este medio, brinda informaci\u00f3n sobre: tr\u00e1mites de compras, servicios y promociones en general.<\/p>\n\n\n\n<p>jaimereina.com solicita al visitante y al usuario de esta p\u00e1gina, que lea detalladamente estas condiciones y la pol\u00edtica de privacidad, antes de iniciar su exploraci\u00f3n o utilizaci\u00f3n. Si alguno de los dos, no est\u00e1 de acuerdo con estas condiciones o con cualquier disposici\u00f3n de la pol\u00edtica de privacidad, le sugerimos que se abstenga de acceder o navegar por la p\u00e1gina web de jaimereina.com. jaimereina.com se reserva, en todos los sentidos, el derecho de actualizar y modificar en cualquier momento y de cualquier forma, de manera unilateral y sin previo aviso, las presentes condiciones de uso y los contenidos de la p\u00e1gina.<\/p>\n\n\n\n<p>El usuario reconoce que en virtud de estas condiciones y normativas generales, jaimereina.com. en adelante; LA COMPA\u00d1\u00cdA, no cede ni transfiere al usuario de la presente p\u00e1gina ning\u00fan derecho sobre su propiedad o sobre cualquier propiedad de terceras partes. LA COMPA\u00d1\u00cdA s\u00f3lo autoriza al usuario el acceso y uso de los mismos de conformidad con los t\u00e9rminos indicados en las presentes condiciones y normativas. LA COMPA\u00d1\u00cdA, autoriza a los usuarios a acceder y navegar en el sitio Web utilizando los servicios y visualizando los contenidos que all\u00e1 se incorporen. Los usuarios no est\u00e1n autorizados para: copiar, divulgar, transmitir, comunicar, modificar, alterar, distribuir (incluyendo correos electr\u00f3nicos e Internet) ceder, o, en cualquier otra forma, desplegar actividades que conlleven a cualquier tipo de uso comercial de la presente p\u00e1gina Web y contenido digital de la marca, ya sea parcial o total. En cualquier caso, la licencia de uso reconocida en el presente apartado no podr\u00e1 ser, en ning\u00fan caso, cedida o transferida a terceras partes.<\/p>\n\n\n\n<p>El acceso, visualizaci\u00f3n y, en su caso, descarga de los contenidos y\/o servicios se realizar\u00e1 siempre y en todo caso con fines estrictamente personales y no comerciales. LA COMPA\u00d1\u00cdA se reserva todos y cada uno de los derechos sobre la Propiedad, incluyendo, a t\u00edtulo enunciativo y no limitativo; los derechos de propiedad intelectual e industrial que ostente sobre los mismos. LA COMPA\u00d1\u00cdA no concede ninguna otra licencia o autorizaci\u00f3n de uso sobre su Propiedad, diferente a la que expresamente se detalla en la presente cl\u00e1usula. Por otra parte, la prestaci\u00f3n del servicio del sitio Web de jaimereina.com. es de car\u00e1cter libre y gratuito para los usuarios y se rige por los t\u00e9rminos y condiciones que se incluyen a continuaci\u00f3n, los cuales se entienden como conocidos y aceptados por los (las) usuarios (as) del sitio. Propiedad del contenido de la P\u00e1gina<\/p>\n\n\n\n<p>El Servicio contenido en esta p\u00e1gina web es suministrado de conformidad con las Leyes aplicables en Colombia con las Condiciones Generales de Uso, Pol\u00edticas y T\u00e9rminos Legales contenidos en esta p\u00e1gina, las cuales se aplicar\u00e1n a todo visitante o usuario que acceda a la misma. Con respecto a los contenidos que aparecen en el sitio Web de LA COMPA\u00d1\u00cdA, el usuario se obliga a:<\/p>\n\n\n\n<p>Usar los contenidos de forma diligente, correcta y l\u00edcita.<br>No suprimir, eludir, o manipular el copyright (derechos de autor) y dem\u00e1s datos que identifican los derechos de LA COMPA\u00d1\u00cdA.<br>LA COMPA\u00d1\u00cdA no ser\u00e1 responsable por el uso indebido que hagan los usuarios del contenido de su sitio Web.<br>El visitante o usuario del sitio Web se har\u00e1 responsable por cualquier uso indebido, il\u00edcito o anormal que haga de los contenidos, informaci\u00f3n o servicios del sitio Web de LA COMPA\u00d1\u00cdA.<br>El visitante o usuario del sitio, directa o por interpuesta persona, no atentar\u00e1\u00a1 de ninguna manera contra el sitio Web de LA COMPA\u00d1\u00cdA, contra su plataforma tecnol\u00f3gica, contra sus sistemas de informaci\u00f3n ni tampoco interferir\u00e1 en su normal funcionamiento.<br>El visitante o el usuario del sitio, no alterar\u00e1, bloquear\u00e1 o realizar\u00e1 cualquier otro acto que impida mostrar o acceder a cualquier contenido, informaci\u00f3n o servicios del sitio Web de LA COMPA\u00d1\u00cdA o que est\u00e1n incorporados en las p\u00e1ginas web vinculadas.<br>El visitante o el usuario del sitio Web de LA COMPA\u00d1\u00cdA, no incurrir\u00e1 desde el mismo en conductas il\u00edcitas como da\u00f1os o ataques inform\u00e1ticos, infracciones al derecho de autor.<\/p>\n","protected":false},"excerpt":{"rendered":"<p>T\u00c9RMINOS DEL SERVICIO Apreciado Usuario: El sitio Web de jaimereina.com tiene como funci\u00f3n principal proveer informaci\u00f3n sobre sus productos y promover la compra Online a sus clientes bajo la marca jaimereina.com y el dominio https:\/\/jaimereina.com. A trav\u00e9s de la misma publica los temas y actividades que tienen que ver con su misi\u00f3n, su visi\u00f3n, objetivos <a href=\"https:\/\/afiliadoelitejh.com\/index.php\/politicas-de-servicio\/\" class=\"more-link\">&#8230;<span class=\"screen-reader-text\">  Pol\u00edticas de Servicio<\/span><\/a><\/p>\n","protected":false},"author":1,"featured_media":0,"parent":0,"menu_order":0,"comment_status":"closed","ping_status":"closed","template":"","meta":{"footnotes":""},"_links":{"self":[{"href":"https:\/\/afiliadoelitejh.com\/index.php\/wp-json\/wp\/v2\/pages\/376"}],"collection":[{"href":"https:\/\/afiliadoelitejh.com\/index.php\/wp-json\/wp\/v2\/pages"}],"about":[{"href":"https:\/\/afiliadoelitejh.com\/index.php\/wp-json\/wp\/v2\/types\/page"}],"author":[{"embeddable":true,"href":"https:\/\/afiliadoelitejh.com\/index.php\/wp-json\/wp\/v2\/users\/1"}],"replies":[{"embeddable":true,"href":"https:\/\/afiliadoelitejh.com\/index.php\/wp-json\/wp\/v2\/comments?post=376"}],"version-history":[{"count":1,"href":"https:\/\/afiliadoelitejh.com\/index.php\/wp-json\/wp\/v2\/pages\/376\/revisions"}],"predecessor-version":[{"id":377,"href":"https:\/\/afiliadoelitejh.com\/index.php\/wp-json\/wp\/v2\/pages\/376\/revisions\/377"}],"wp:attachment":[{"href":"https:\/\/afiliadoelitejh.com\/index.php\/wp-json\/wp\/v2\/media?parent=376"}],"curies":[{"name":"wp","href":"https:\/\/api.w.org\/{rel}","templated":true}]}}