{"id":11,"date":"2023-11-15T05:34:04","date_gmt":"2023-11-15T05:34:04","guid":{"rendered":"https:\/\/afiliadoelitejh.com\/?page_id=11"},"modified":"2023-11-21T23:59:19","modified_gmt":"2023-11-21T23:59:19","slug":"pagina-simple","status":"publish","type":"page","link":"https:\/\/afiliadoelitejh.com\/","title":{"rendered":"Pagina Simple"},"content":{"rendered":"<p><section class=\"kc-elm kc-css-96275 kc_row\"><div class=\"kc-row-container  kc-container\"><div class=\"kc-wrap-columns\"><div class=\"kc-elm kc-css-754244 kc_col-sm-12 kc_column kc_col-sm-12\"><div class=\"kc-col-container\"><div class=\"kc-elm kc-css-668203 kc_row kc_row_inner\"><div class=\"kc-elm kc-css-191234 kc_col-sm-12 kc_column_inner kc_col-sm-12\"><div class=\"kc_wrapper kc-col-inner-container\">\n<div class=\"kc-elm kc-css-194909 kc-title-wrap \">\n\n\t<h1 class=\"kc_title\">EVENTO ESPECIAL GRATUITO...<\/h1>\n<\/div>\n<\/div><\/div><\/div><\/div><\/div><\/div><\/div><\/section><section class=\"kc-elm kc-css-318954 kc_row\"><div class=\"kc-row-container  kc-container\"><div class=\"kc-wrap-columns\"><div class=\"kc-elm kc-css-681808 kc_col-sm-6 kc_column kc_col-sm-6\"><div class=\"kc-col-container\"><div class=\"kc-elm kc-css-703511 kc_shortcode kc_single_image\">\n\n        <img decoding=\"async\" src=\"https:\/\/afiliadoelitejh.com\/wp-content\/uploads\/2023\/11\/jreinas48-211.png\" class=\"\" alt=\"\" \/>    <\/div>\n<\/div><\/div><div class=\"kc-elm kc-css-924586 kc_col-sm-6 kc_column kc_col-sm-6\"><div class=\"kc-col-container\">\n<div class=\"kc-elm kc-css-826611 kc-title-wrap \">\n\n\t<h1 class=\"kc_title\">VIDEOS REVELAN LOS 4 SISTEMAS<\/h1>\n<\/div>\n\n<div class=\"kc-elm kc-css-919282 kc-title-wrap \">\n\n\t<h1 class=\"kc_title\">Para Facturar 10K Cada 30 Dias Promocionando Productos Digitales Con Youtube Ads<\/h1>\n<\/div>\n<div class=\"kc-elm kc-css-580732\" style=\"height: 20px; clear: both; width:100%;\"><\/div>\n<div class=\"kc-elm kc-css-884219\">\n\t<a class=\"kc_button\" href=\"https:\/\/go.hotmart.com\/F74336873V\" target=\"_self\" title=\"QUIERO REGISTRARME AL EVENTO GRATUITO\" onclick=\"\">\n\t\tQUIERO REGISTRARME AL EVENTO GRATUITO\t<\/a>\n<\/div>\n\n<div class=\"kc-elm kc-css-189455 kc-title-wrap \">\n\n\t<h1 class=\"kc_title\">*EXTRA: Recibir\u00e1s  El Mismo Sistema que yo utilizo \r\npara lograr  estos resultados... *<\/h1>\n<\/div>\n<\/div><\/div><\/div><\/div><\/section><section class=\"kc-elm kc-css-651413 kc_row\"><div class=\"kc-row-container  kc-container\"><div class=\"kc-wrap-columns\"><div class=\"kc-elm kc-css-812616 kc_col-sm-12 kc_column kc_col-sm-12\"><div class=\"kc-col-container\"><div class=\"kc-elm kc-css-985027 kc_row kc_row_inner\"><div class=\"kc-elm kc-css-334330 kc_col-sm-12 kc_column_inner kc_col-sm-12\"><div class=\"kc_wrapper kc-col-inner-container\"><\/div><\/div><\/div><\/div><\/div><\/div><\/div><\/section><section class=\"kc-elm kc-css-668833 kc_row\"><div class=\"kc-row-container  kc-container\"><div class=\"kc-wrap-columns\"><div class=\"kc-elm kc-css-350734 kc_col-sm-3 kc_column kc_col-sm-3\"><div class=\"kc-col-container\"><div class=\"kc-elm kc-css-509460 kc_shortcode kc_single_image\">\n\n        <img decoding=\"async\" src=\"https:\/\/afiliadoelitejh.com\/wp-content\/uploads\/2023\/11\/userlimited1.png\" class=\"\" alt=\"\" \/>    <\/div>\n<\/div><\/div><div class=\"kc-elm kc-css-427764 kc_col-sm-3 kc_column kc_col-sm-3\"><div class=\"kc-col-container\">\n<div class=\"kc-elm kc-css-208140 kc-title-wrap \">\n\n\t<h1 class=\"kc_title\">Solamente 300 Espacios<\/h1>\n<\/div>\n\n<div class=\"kc-elm kc-css-402421 kc-title-wrap \">\n\n\t<h1 class=\"kc_title\">Presentac\u00f3n Muy Limitada...<\/h1>\n<\/div>\n<\/div><\/div><div class=\"kc-elm kc-css-705793 kc_col-sm-3 kc_column kc_col-sm-3\"><div class=\"kc-col-container\"><div class=\"kc-elm kc-css-961334 kc_shortcode kc_single_image\">\n\n        <img decoding=\"async\" src=\"https:\/\/afiliadoelitejh.com\/wp-content\/uploads\/2023\/11\/Captura-de-pantalla-2023-11-16-002756.png\" class=\"\" alt=\"\" \/>    <\/div>\n<\/div><\/div><div class=\"kc-elm kc-css-276503 kc_col-sm-3 kc_column kc_col-sm-3\"><div class=\"kc-col-container\">\n<div class=\"kc-elm kc-css-345745 kc-title-wrap \">\n\n\t<h1 class=\"kc_title\">Presentado Por:<\/h1>\n<\/div>\n\n<div class=\"kc-elm kc-css-164360 kc-title-wrap \">\n\n\t<h1 class=\"kc_title\">Jaime Reina\r\nEmpresario y Autor BestSeller<\/h1>\n<\/div>\n<\/div><\/div><\/div><\/div><\/section><section class=\"kc-elm kc-css-611065 kc_row\"><div class=\"kc-row-container  kc-container\"><div class=\"kc-wrap-columns\"><div class=\"kc-elm kc-css-589312 kc_col-sm-12 kc_column kc_col-sm-12\"><div class=\"kc-col-container\"><div class=\"kc-elm kc-css-421718 kc_row kc_row_inner\"><div class=\"kc-elm kc-css-273569 kc_col-sm-12 kc_column_inner kc_col-sm-12\"><div class=\"kc_wrapper kc-col-inner-container\">\n<div class=\"kc-elm kc-css-173903 kc-title-wrap \">\n\n\t<h1 class=\"kc_title\">Que Aprender\u00e1s En Estas 4 Clases Gratuitas:<\/h1>\n<\/div>\n<\/div><\/div><\/div><\/div><\/div><\/div><\/div><\/section><section class=\"kc-elm kc-css-175119 kc_row\"><div class=\"kc-row-container  kc-container\"><div class=\"kc-wrap-columns\"><div class=\"kc-elm kc-css-322750 kc_col-sm-4 kc_column kc_col-sm-4\"><div class=\"kc-col-container\"><div class=\"kc-elm kc-css-558506 kc_text_block\"><\/p>\n<p><span style=\"box-sizing: border-box; font-weight: bold; color: #ffffff; font-family: 'Open Sans', sans-serif; font-size: 18px; text-align: center; background-color: #3b3b3b;\">\u00a0Evento Especial Gratuito<\/span><\/p>\n<p>\n<\/div>\n<div class=\"kc-elm kc-css-43066 kc-title-wrap \">\n\n\t<h1 class=\"kc_title\">MAFA es un modelo de negocio que he implementado por mas de 1 d\u00e9cada para lograr \"El Sistema De Negocio Perfecto\" en mis emprendimientos por internet. Conoce su poder y como puedes aprovecharlo!<\/h1>\n<\/div>\n<\/div><\/div><div class=\"kc-elm kc-css-730777 kc_col-sm-4 kc_column kc_col-sm-4\"><div class=\"kc-col-container\"><div class=\"kc-elm kc-css-862721 kc_text_block\"><\/p>\n<p><span style=\"box-sizing: border-box; font-weight: bold; color: #ffffff; font-family: 'Open Sans', sans-serif; font-size: 18px; text-align: center; background-color: #3b3b3b;\">C\u00f3mo Lograr Lanzamientos Perpetuos<\/span><\/p>\n<p>\n<\/div>\n<div class=\"kc-elm kc-css-930422 kc-title-wrap \">\n\n\t<h1 class=\"kc_title\">Su implementaci\u00f3n ha logrado que mantenga un negocio s\u00f3lido y rentable por m\u00e1s de 13 a\u00f1os y con una facturaci\u00f3n de\r\n 7 Cifras En D\u00f3lares!<\/h1>\n<\/div>\n<\/div><\/div><div class=\"kc-elm kc-css-525036 kc_col-sm-4 kc_column kc_col-sm-4\"><div class=\"kc-col-container\"><div class=\"kc-elm kc-css-217740 kc_text_block\"><\/p>\n<p><span style=\"box-sizing: border-box; font-weight: bold; color: #ffffff; font-family: 'Open Sans', sans-serif; font-size: 18px; text-align: center; background-color: #3b3b3b;\">F\u00f3rmula AVI<\/span><\/p>\n<p>\n<\/div>\n<div class=\"kc-elm kc-css-321923 kc-title-wrap \">\n\n\t<h1 class=\"kc_title\">Esta f\u00f3rmula ha sido usada por los ricos secretamente  para lograr resultados incre\u00edblemente predecibles y ahora revolucionar\u00e1 los negocios en internet!<\/h1>\n<\/div>\n<\/div><\/div><\/div><\/div><\/section><section class=\"kc-elm kc-css-329933 kc_row\"><div class=\"kc-row-container  kc-container\"><div class=\"kc-wrap-columns\"><div class=\"kc-elm kc-css-179002 kc_col-sm-12 kc_column kc_col-sm-12\"><div class=\"kc-col-container\"><div class=\"kc-elm kc-css-234288 kc_row kc_row_inner\"><div class=\"kc-elm kc-css-883207 kc_col-sm-12 kc_column_inner kc_col-sm-12\"><div class=\"kc_wrapper kc-col-inner-container\">\n<div class=\"kc-elm kc-css-570490 kc-title-wrap \">\n\n\t<h1 class=\"kc_title\">Mira Los Resultados Usando El Sistema De Negocio Perfecto\u00ae<\/h1>\n<\/div>\n\n<div class=\"kc-elm kc-css-182008 kc-title-wrap \">\n\n\t<h1 class=\"kc_title\">5 Cifras En USD En SOLO 30 d\u00edas<\/h1>\n<\/div>\n\n\t<div class=\"kc-elm kc-css-112661 kc_shortcode kc_video_play kc_video_wrapper\" data-video=\"https:\/\/www.youtube.com\/watch?v=GYSABoHuNu4\" data-width=\"600\" data-height=\"338.98305084746\" data-fullwidth=\"\" data-autoplay=\"\" data-loop=\"yes\" data-control=\"yes\" data-related=\"\" data-showinfo=\"\" data-kc-video-mute=\"\">\n\t\t\t<\/div>\n\n\n<div class=\"kc-elm kc-css-743059 kc-title-wrap \">\n\n\t<h1 class=\"kc_title\">\u00bfQue Esperas... Reg\u00edstrate<\/h1>\n<\/div>\n\n<div class=\"kc-elm kc-css-558129 kc-title-wrap \">\n\n\t<h1 class=\"kc_title\">\u00a1ES GRATIS!<\/h1>\n<\/div>\n<\/div><\/div><\/div><div class=\"kc-elm kc-css-867226 kc_row kc_row_inner\"><div class=\"kc-elm kc-css-826417 kc_col-sm-12 kc_column_inner kc_col-sm-12\"><div class=\"kc_wrapper kc-col-inner-container\">\n<div class=\"kc-elm kc-css-624779\">\n\t<a class=\"kc_button\" href=\"#\" onclick=\"\">\n\t\tSI JAIME, ESTOY LISTO PARA EL EVENTO GRATUITO!\t<\/a>\n<\/div>\n<\/div><\/div><\/div><div class=\"kc-elm kc-css-278035 kc_row kc_row_inner\"><div class=\"kc-elm kc-css-980944 kc_col-sm-12 kc_column_inner kc_col-sm-12\"><div class=\"kc_wrapper kc-col-inner-container\">\n<div class=\"kc-elm kc-css-112632 kc-title-wrap \">\n\n\t<h1 class=\"kc_title\">AfiliadoElite - Todos Los Derechos Reservados  -COPYRIGHT @ 2020<\/h1>\n<\/div>\n<div class=\"kc-elm kc-css-989807 kc_row kc_row_inner\"><div class=\"kc-elm kc-css-323906 kc_col-sm-12 kc_column_inner kc_col-sm-12\"><div class=\"kc_wrapper kc-col-inner-container\"><div class=\"kc-elm kc-css-408410\" style=\"height: 2px; clear: both; width:100%;\"><\/div><\/div><\/div><\/div><\/div><\/div><\/div><div class=\"kc-elm kc-css-527929 kc_row kc_row_inner\"><div class=\"kc-elm kc-css-580676 kc_col-sm-4 kc_column_inner kc_col-sm-4\"><div class=\"kc_wrapper kc-col-inner-container\">\n<div class=\"kc-elm kc-css-744614 kc-title-wrap \">\n\n\t<h1 class=\"kc_title\"><a href=\"https:\/\/afiliadoelitejh.com\/index.php\/contacto\/\" class=\"kc_title_link\" title=\"\" target=\"\">- Contacto  <\/a><\/h1>\n<\/div>\n<\/div><\/div><div class=\"kc-elm kc-css-290189 kc_col-sm-4 kc_column_inner kc_col-sm-4\"><div class=\"kc_wrapper kc-col-inner-container\">\n<div class=\"kc-elm kc-css-45909 kc-title-wrap \">\n\n\t<h1 class=\"kc_title\"><a href=\"https:\/\/afiliadoelitejh.com\/index.php\/politicas-de-servicio\/\" class=\"kc_title_link\" title=\"\" target=\"\">- T\u00e9rminos de Servicio <\/a><\/h1>\n<\/div>\n<\/div><\/div><div class=\"kc-elm kc-css-996037 kc_col-sm-4 kc_column_inner kc_col-sm-4\"><div class=\"kc_wrapper kc-col-inner-container\">\n<div class=\"kc-elm kc-css-393998 kc-title-wrap \">\n\n\t<h1 class=\"kc_title\"><a href=\"https:\/\/afiliadoelitejh.com\/index.php\/politica-de-privacidad\/\" class=\"kc_title_link\" title=\"\" target=\"\">- Pol\u00edtica de Privacidad<\/a><\/h1>\n<\/div>\n<\/div><\/div><\/div><\/div><\/div><\/div><\/div><\/section><section class=\"kc-elm kc-css-746656 kc_row\"><div class=\"kc-row-container  kc-container\"><div class=\"kc-wrap-columns\"><div class=\"kc-elm kc-css-391877 kc_col-sm-12 kc_column kc_col-sm-12\"><div class=\"kc-col-container\"><div class=\"kc-elm kc-css-749355\" style=\"height: 2px; clear: both; width:100%;\"><\/div><div class=\"kc-elm kc-css-536125 kc_text_block\"><\/p>\n<p><span style=\"color: #888888; font-family: 'Open Sans', sans-serif; font-size: 10px; text-align: center; background-color: #f1f4f8;\">Este sitio no forma parte del sitio web de Google \/ Facebook o Google \/ Facebook Inc. Adem\u00e1s, este sitio NO est\u00e1 respaldado por Google \/ Facebook de ninguna manera. GOOGLE \/ FACEBOOK es una marca comercial de GOOGLE \/ FACEBOOK, Inc.<\/span><\/p>\n<div style=\"box-sizing: border-box; color: #888888; font-family: 'Open Sans', sans-serif; font-size: 10px; text-align: center; background-color: #f1f4f8;\">\u00a0<\/div>\n<div style=\"box-sizing: border-box; color: #888888; font-family: 'Open Sans', sans-serif; font-size: 10px; text-align: center; background-color: #f1f4f8;\">OPORTUNIDAD DE NEGOCIOS: Afiliado Elite y la capacitaci\u00f3n gratuita asociada NO se consideran ingresos u oportunidades de negocios de acuerdo con la<a id=\"link-42372\" class=\"\" style=\"box-sizing: border-box; background: 0px 0px; text-decoration-line: none;\" href=\"https:\/\/www.ftc.gov\/enforcement\/rules\/rulemaking-regulatory-reform-proceedings\/business-opportunity-rule\" target=\"_blank\" rel=\"noopener noreferrer\">\u00a0Regla de Oportunidades de Negocios \u00a7 437.1m<\/a>; &#8220;Que la publicidad y el asesoramiento general sobre el desarrollo y la capacitaci\u00f3n empresarial no se considerar\u00e1n como\" proporcionar ubicaciones, puntos de venta, cuentas o clientes &#8220;. De buena fe, Afiliado Elite proporciona un\u00a0<a id=\"link-75010\" class=\"\" style=\"box-sizing: border-box; background: 0px 0px; text-decoration-line: none;\" href=\"https:\/\/afiliadoelite.com\/\" target=\"_parent\" rel=\"noopener noreferrer\">Documento de divulgaci\u00f3n de una p\u00e1gina<\/a>\u00a0para fines de transparencia del consumidor. \u00a0<span style=\"box-sizing: border-box; padding: 0px; background-color: rgba(255, 255, 255, 0);\">MARKETING MULTINIVEL: Este negocio NO est\u00e1 anunciando una empresa de mercadeo de redes o mercadeo de m\u00faltiples niveles, ya que no se ajusta a la prueba de Koscot seg\u00fan la ley de la FTC. Cualquier persona, sin ning\u00fan pago por parte de los participantes, puede formar parte del programa de referencias creando una cuenta en l\u00ednea aqu\u00ed. Referencia de caso:\u00a0<\/span><a id=\"link-56472\" class=\"\" style=\"box-sizing: border-box; background: 0px 0px rgba(255, 255, 255, 0); text-decoration-line: none;\" href=\"https:\/\/afiliadoelite.com\/\" target=\"_parent\" rel=\"noopener noreferrer\">Koscot Interplanetary, Inc<\/a><span style=\"box-sizing: border-box; padding: 0px; background-color: rgba(255, 255, 255, 0);\">., 86 F.T.C. 1106, 1181 (1975).\u00a0\u00a0<\/span><span style=\"box-sizing: border-box; padding: 0px; background-color: rgba(255, 255, 255, 0);\">FRANQUICIA: Este negocio NO es una franquicia, ya que no pasa\u00a0<\/span><a id=\"link-33614\" class=\"\" style=\"box-sizing: border-box; background: 0px 0px rgba(255, 255, 255, 0); text-decoration-line: none;\" href=\"https:\/\/www.ftc.gov\/sites\/default\/files\/documents\/public_statements\/prepared-statement-federal-trade-commission-franchise-rule\/020625bealesfranruletest.pdf\" target=\"_blank\" rel=\"noopener noreferrer\">la Prueba de la Regla de Franquicias de Beale<\/a><span style=\"box-sizing: border-box; padding: 0px; background-color: rgba(255, 255, 255, 0);\">\u00a0(P\u00e1gina 50, Definici\u00f3n de Franquicia) al no: (1) permitir el uso de marcas registradas, (2) imponer un control significativo o proporcionar asistencia significativa al negocio, (3) cobrar un pago requerido. \u00a0<\/span><span style=\"box-sizing: border-box; padding: 0px; background-color: rgba(255, 255, 255, 0);\">DECLARACI\u00d3N DE RECLAMACI\u00d3N DE GANANCIAS: PRIVILEGE ACADEMY Y AFILIADO ELITE. (y el Sistema de Affiliatum) es una empresa dedicada a ayudar a las personas a alcanzar sus objetivos de autoeducaci\u00f3n y autoempleo. Brindamos programas de capacitaci\u00f3n en l\u00ednea de calidad para personas que buscan libertad de tiempo y libertad de ubicaci\u00f3n. Esta declaraci\u00f3n est\u00e1 disponible en l\u00ednea a trav\u00e9s del enlace aqu\u00ed.\u00a0<\/span><\/div>\n<div style=\"box-sizing: border-box; color: #888888; font-family: 'Open Sans', sans-serif; font-size: 10px; text-align: center; background-color: #f1f4f8;\">\u00a0<\/div>\n<div style=\"box-sizing: border-box; color: #888888; font-family: 'Open Sans', sans-serif; font-size: 10px; text-align: center; background-color: #f1f4f8;\">DESCARGO DE RESPONSABILIDAD DE INGRESOS: Este sitio web y los art\u00edculos que distribuye contienen estrategias comerciales, m\u00e9todos de marketing y otros consejos comerciales que, independientemente de mis propios resultados y experiencia, pueden no producir los mismos resultados (o cualquier resultado) para usted. afiliadoelite no ofrece absolutamente ninguna garant\u00eda, expresa o impl\u00edcita, de que si sigue los consejos o el contenido disponible en este sitio web, ganar\u00e1 dinero o mejorar\u00e1 las ganancias actuales, ya que existen varios factores y variables que entran en juego con respecto a un negocio determinado. Principalmente, los resultados depender\u00e1n de la naturaleza del producto o modelo de negocio, las condiciones del mercado, la experiencia del individuo y las situaciones y elementos que est\u00e1n fuera de su control. Al igual que con cualquier empresa, asume todos los riesgos relacionados con la inversi\u00f3n y el dinero en funci\u00f3n de su propio criterio y a su propio costo potencial. \u00a0<span style=\"box-sizing: border-box; padding: 0px; background-color: rgba(255, 255, 255, 0);\">Los resultados (incluidos los resultados de negociaci\u00f3n) mencionados anteriormente son mis resultados personales. Por favor, comprenda que mis resultados no son t\u00edpicos, no estoy implicando que los duplicar\u00e1 (o har\u00e1 cualquier cosa por ese asunto). Tengo el beneficio de haber pasado por muchos entrenamientos, mentores, pruebas y errores durante a\u00f1os, y tengo un seguimiento establecido y la historia como resultado. La persona promedio que compra cualquier informaci\u00f3n de \u00abc\u00f3mo hacerlo\u00bb obtiene poco o ning\u00fan resultado. Estoy usando estas referencias solo para fines de ejemplo. Sus resultados variar\u00e1n y depender\u00e1n de muchos factores\u2026 incluidos, entre otros, sus antecedentes, experiencia y \u00e9tica laboral. Todos los negocios conllevan riesgos y esfuerzos y acciones masivas y consistentes. Si no est\u00e1 dispuesto a aceptar eso, NO OBTENGA ESTE CURSO. Al enviar su direcci\u00f3n de correo electr\u00f3nico y n\u00famero de tel\u00e9fono en este sitio web, usted est\u00e1 autorizando a nuestra empresa a enviarle mensajes informativos y promocionales por correo electr\u00f3nico, llamadas telef\u00f3nicas y mensajes de texto. Todos los ingresos y representaciones de ingresos son solo declaraciones aspiracionales de su potencial de ganancias. El \u00e9xito de\u00a0 Afiliado Elite, los testimonios y otros ejemplos utilizados son resultados excepcionales y no t\u00edpicos, y no pretenden ser ni son garant\u00eda de que usted u otros logren los mismos resultados. Los resultados individuales siempre variar\u00e1n y los tuyos depender\u00e1n por completo de tu capacidad individual, \u00e9tica de trabajo, habilidades y experiencia comercial, nivel de motivaci\u00f3n, diligencia al aplicar los programas de Afiliado Elite, la econom\u00eda, los riesgos normales e imprevistos de hacer negocios y otros factores. Los programas de Afiliado Elite no son responsables de sus acciones. Usted es el \u00fanico responsable de sus propios movimientos y decisiones, y la evaluaci\u00f3n y el uso de nuestros productos y servicios se deben basar en su propia diligencia debida. Usted acepta que los Programas de Afiliado Elite no son responsables ante usted de ninguna manera por sus resultados en el uso de nuestros productos y servicios.\u00a0<\/span><\/div>\n<div style=\"box-sizing: border-box; color: #888888; font-family: 'Open Sans', sans-serif; font-size: 10px; text-align: center; background-color: #f1f4f8;\">\u00a0<\/div>\n<div style=\"box-sizing: border-box; color: #888888; font-family: 'Open Sans', sans-serif; font-size: 10px; text-align: center; background-color: #f1f4f8;\">RENUNCIA DE RESPONSABILIDAD: Al leer este sitio web o los documentos que ofrece, usted asume todos los riesgos asociados con el uso de los consejos dados, con el pleno entendimiento de que usted, \u00fanicamente, es responsable de cualquier cosa que pueda ocurrir como resultado de poner esta informaci\u00f3n en acci\u00f3n. de cualquier manera, e independientemente de su interpretaci\u00f3n de los consejos. Adem\u00e1s, acepta que nuestra empresa no se hace responsable de ninguna manera por el \u00e9xito o el fracaso de su negocio como resultado de la informaci\u00f3n proporcionada por nuestra empresa. Es su responsabilidad llevar a cabo su propia diligencia debida con respecto a la operaci\u00f3n segura y exitosa de su negocio si tiene la intenci\u00f3n de aplicar alguna de nuestra informaci\u00f3n de alguna manera a sus operaciones comerciales. En resumen, usted comprende que no ofrecemos absolutamente ninguna garant\u00eda con respecto a los ingresos como resultado de la aplicaci\u00f3n de esta informaci\u00f3n, as\u00ed como el hecho de que usted es el \u00fanico responsable de los resultados de cualquier acci\u00f3n tomada de su parte como resultado de cualquier informaci\u00f3n dada. Adem\u00e1s, a todos los efectos, usted acepta que nuestro contenido debe considerarse &#8220;solo para fines de entretenimiento\". Siempre busque el consejo de un profesional al tomar decisiones financieras, fiscales o comerciales &#8230;<\/div>\n<div style=\"box-sizing: border-box; color: #888888; font-family: 'Open Sans', sans-serif; font-size: 10px; text-align: center; background-color: #f1f4f8;\">\u00a0<\/div>\n<div style=\"box-sizing: border-box; color: #888888; font-family: 'Open Sans', sans-serif; font-size: 10px; text-align: center; background-color: #f1f4f8;\">\u00a0<\/div>\n<div style=\"box-sizing: border-box; color: #888888; font-family: 'Open Sans', sans-serif; font-size: 10px; text-align: center; background-color: #f1f4f8;\">\u00a9 2020 TODOS LOS DERECHOS RESERVADOS. LA DUPLICACI\u00d3N O PUBLICACI\u00d3N NO AUTORIZADA DE CUALQUIER MATERIAL DE ESTE SITIO EST\u00c1 EXPRESAMENTE PROHIBIDO. TODOS LOS NOMBRES, LOGOS Y MARCAS DEL PRODUCTO SON PROPIEDAD DE SUS RESPECTIVOS PROPIETARIOS. TODOS LOS NOMBRES DE LA COMPA\u00d1\u00cdA, PRODUCTO Y SERVICIO UTILIZADOS EN ESTE SITIO WEB SON PARA FINES DE IDENTIFICACI\u00d3N SOLAMENTE. EL USO DE ESTOS NOMBRES, LOGOS Y MARCAS NO IMPLICA APROBACI\u00d3N. LAS VISTAS E INFORMACI\u00d3N CONTENIDAS EN ESTE SITIO WEB SE PROPORCIONAN SOLO CON FINES INFORMATIVOS, NO SE CONSIDERAN COMO ASESORAMIENTO FINANCIERO, Y REPRESENTAN LAS VISTAS ACTUALES DE BUENA FE DE LOS AUTORES EN EL MOMENTO DE LA PUBLICACI\u00d3N. LAS DECLARACIONES ANTERIORES SON UNA REPRESENTACI\u00d3N DE LAS EXPERIENCIAS DEL VENDEDOR. CADA ESFUERZO SE HA REALIZADO PARA REPRESENTAR EXACTAMENTE ESTE PRODUCTO Y SU POTENCIAL. LOS EJEMPLOS Y TESTIMONIOS EN ESTOS MATERIALES NO DEBEN SER INTERPRETADOS COMO PROMESA O GARANT\u00cdA DE RESULTADOS<\/div>\n<p>\n<\/div><\/div><\/div><\/div><\/div><\/section><\/p>\n","protected":false},"excerpt":{"rendered":"","protected":false},"author":1,"featured_media":0,"parent":0,"menu_order":0,"comment_status":"closed","ping_status":"closed","template":"","meta":{"footnotes":""},"_links":{"self":[{"href":"https:\/\/afiliadoelitejh.com\/index.php\/wp-json\/wp\/v2\/pages\/11"}],"collection":[{"href":"https:\/\/afiliadoelitejh.com\/index.php\/wp-json\/wp\/v2\/pages"}],"about":[{"href":"https:\/\/afiliadoelitejh.com\/index.php\/wp-json\/wp\/v2\/types\/page"}],"author":[{"embeddable":true,"href":"https:\/\/afiliadoelitejh.com\/index.php\/wp-json\/wp\/v2\/users\/1"}],"replies":[{"embeddable":true,"href":"https:\/\/afiliadoelitejh.com\/index.php\/wp-json\/wp\/v2\/comments?post=11"}],"version-history":[{"count":358,"href":"https:\/\/afiliadoelitejh.com\/index.php\/wp-json\/wp\/v2\/pages\/11\/revisions"}],"predecessor-version":[{"id":396,"href":"https:\/\/afiliadoelitejh.com\/index.php\/wp-json\/wp\/v2\/pages\/11\/revisions\/396"}],"wp:attachment":[{"href":"https:\/\/afiliadoelitejh.com\/index.php\/wp-json\/wp\/v2\/media?parent=11"}],"curies":[{"name":"wp","href":"https:\/\/api.w.org\/{rel}","templated":true}]}}